{"id":3216,"date":"2022-01-19T16:18:12","date_gmt":"2022-01-19T15:18:12","guid":{"rendered":"https:\/\/www.lenvol-liberte.com\/?page_id=3216"},"modified":"2023-11-29T09:30:21","modified_gmt":"2023-11-29T08:30:21","slug":"le-sauna-dome","status":"publish","type":"page","link":"https:\/\/www.lenvol-liberte.com\/index.php\/le-sauna-dome\/","title":{"rendered":"Le Sauna D\u00f4me"},"content":{"rendered":"\n<h2 class=\"wp-block-heading has-text-align-center has-text-color\" style=\"color:#5658d8\"> Le sauna japonais + la lithoth\u00e9rapie = un savoureux m\u00e9lange<\/h2>\n\n\n\n<p>Le sauna infrarouge est depuis toujours connu par les japonais pour ses vertus apaisantes et d\u00e9toxifiantes. Les deux d\u00f4mes du sauna et le matelas chauffant g\u00e9n\u00e8rent des infrarouges longs d\u00e9nu\u00e9s de rayons UV.&nbsp;<\/p>\n\n\n\n<p>Les pierres ins\u00e9r\u00e9es dans le Sauna D\u00f4me\u00ae associ\u00e9es aux infrarouges longs sans UV r\u00e9v\u00e8lent tout leur potentiel en s&rsquo;adaptant \u00e0 chaque individu en fonction de l&rsquo;accompagnement n\u00e9cessaire.&nbsp;<\/p>\n\n\n\n<p>Il peut s&rsquo;utiliser de plusieurs fa\u00e7ons et se place en outil :&nbsp;<\/p>\n\n\n\n<ul class=\"wp-block-list\" style=\"font-size:16px\">\n<li>de relaxation et de d\u00e9tente,<\/li>\n\n\n\n<li>d&rsquo;am\u00e9lioration de la qualit\u00e9 du sommeil,<\/li>\n\n\n\n<li>de d\u00e9toxification du corps,<\/li>\n\n\n\n<li>d&rsquo;accompagnement dans un r\u00e9gime minceur,<\/li>\n\n\n\n<li>de r\u00e9g\u00e9n\u00e9ration apr\u00e8s un traumatisme,<\/li>\n\n\n\n<li>de stimulation du syst\u00e8me immunitaire,<\/li>\n\n\n\n<li>de soulagement sur des pathologies comme les algodystrophies, les fibromyalgies, les maladies inflammatoires\u2026<\/li>\n<\/ul>\n\n\n\n<figure class=\"wp-block-image size-large\"><img loading=\"lazy\" decoding=\"async\" width=\"1024\" height=\"152\" src=\"https:\/\/www.lenvol-liberte.com\/wp-content\/uploads\/2022\/01\/4-1024x152.png\" alt=\"\" class=\"wp-image-3217\" srcset=\"https:\/\/www.lenvol-liberte.com\/wp-content\/uploads\/2022\/01\/4-1024x152.png 1024w, https:\/\/www.lenvol-liberte.com\/wp-content\/uploads\/2022\/01\/4-300x44.png 300w, https:\/\/www.lenvol-liberte.com\/wp-content\/uploads\/2022\/01\/4-768x114.png 768w, https:\/\/www.lenvol-liberte.com\/wp-content\/uploads\/2022\/01\/4-920x136.png 920w, https:\/\/www.lenvol-liberte.com\/wp-content\/uploads\/2022\/01\/4-230x34.png 230w, https:\/\/www.lenvol-liberte.com\/wp-content\/uploads\/2022\/01\/4-350x52.png 350w, https:\/\/www.lenvol-liberte.com\/wp-content\/uploads\/2022\/01\/4-480x71.png 480w, https:\/\/www.lenvol-liberte.com\/wp-content\/uploads\/2022\/01\/4.png 1345w\" sizes=\"auto, (max-width: 1024px) 100vw, 1024px\" \/><\/figure>\n\n\n\n<h2 class=\"wp-block-heading has-text-color\" style=\"color:#0071a1\">LE FONCTIONNEMENT DU SAUNA D\u00d4ME<\/h2>\n\n\n\n<p>Equip\u00e9 d\u2019une technologie \u00ab Black Carbon \u00bb brevet\u00e9e au Japon et aux Etats-Unis, il est constitu\u00e9 d\u2019un matelas chauffant et de 2 d\u00f4mes qui \u00e9mettent des infrarouges longs.<\/p>\n\n\n\n<p>Les infrarouges p\u00e9n\u00e8trent les tissus du corps humain en profondeur. Les bienfaits des infrarouges sont d\u00e9cupl\u00e9s par les pierres min\u00e9rales. La sudation est progressive, de type 2, pour 30 minutes de s\u00e9ance cela \u00e9quivaut \u00e0 une sudation de 20 km de course \u00e0 pied (jusqu\u2019\u00e0 600 kcal perdus\/s\u00e9ances) et sans la moindre odeur corporelle.<\/p>\n\n\n\n<h2 class=\"wp-block-heading has-text-color\" style=\"color:#0071a1\">LE POUVOIR DES PIERRES MIN\u00c9RALES SUR LE CORPS\u200b<\/h2>\n\n\n\n<p>Le Sauna D\u00f4me\u00ae est \u00e9quip\u00e9 de 326 pierres min\u00e9rales aux multiples effets sur le corps. <\/p>\n\n\n\n<p>Parmi les bienfaits : boost du syst\u00e8me immunitaire, d\u00e9tox du corps et r\u00e9duction de l\u2019anxi\u00e9t\u00e9.&nbsp;<\/p>\n\n\n\n<figure class=\"wp-block-image aligncenter size-full is-resized\"><img loading=\"lazy\" decoding=\"async\" width=\"836\" height=\"403\" src=\"https:\/\/www.lenvol-liberte.com\/wp-content\/uploads\/2022\/01\/6.png\" alt=\"\" class=\"wp-image-3219\" style=\"width:627px;height:302px\" srcset=\"https:\/\/www.lenvol-liberte.com\/wp-content\/uploads\/2022\/01\/6.png 836w, https:\/\/www.lenvol-liberte.com\/wp-content\/uploads\/2022\/01\/6-300x145.png 300w, https:\/\/www.lenvol-liberte.com\/wp-content\/uploads\/2022\/01\/6-768x370.png 768w, https:\/\/www.lenvol-liberte.com\/wp-content\/uploads\/2022\/01\/6-230x111.png 230w, https:\/\/www.lenvol-liberte.com\/wp-content\/uploads\/2022\/01\/6-350x169.png 350w, https:\/\/www.lenvol-liberte.com\/wp-content\/uploads\/2022\/01\/6-480x231.png 480w\" sizes=\"auto, (max-width: 836px) 100vw, 836px\" \/><\/figure>\n\n\n\n<h2 class=\"wp-block-heading has-text-color\" style=\"color:#0071a1\">LES BIENFAITS DU SAUNA D\u00d4ME<\/h2>\n\n\n\n<p>Les effets du Sauna D\u00f4me sur le corps se ressentent d\u00e8s les premi\u00e8res s\u00e9ances. Quelque soit votre objectif, \u00e9vadez-vous en l\u2019espace de quelques secondes.<\/p>\n\n\n\n<h2 class=\"wp-block-heading\">Relaxation<\/h2>\n\n\n\n<p>Am\u00e9lioration de la qualit\u00e9 du sommeil, effet anti-stress, relaxation profonde<\/p>\n\n\n\n<h2 class=\"wp-block-heading\">D\u00e9tox<\/h2>\n\n\n\n<p>Elimination des toxines et des m\u00e9taux lourds<\/p>\n\n\n\n<p>1 \u00e0 2 tailles perdues en moyenne apr\u00e8s 20 s\u00e9ances. Am\u00e9lioration de la qualit\u00e9 de la peau et action anti peau d&rsquo;orange.<\/p>\n\n\n\n<h2 class=\"wp-block-heading\">Amincissement<\/h2>\n\n\n\n<p><a href=\"https:\/\/saunadome.fr\/\" target=\"_blank\" rel=\"noreferrer noopener\">D&rsquo;autres informations sur le site de Sauna D\u00f4me<\/a><\/p>\n\n\n\n<p>Venez le tester \u00e0 L&rsquo;Envol et d\u00e9couvrir tous ses bienfaits. Plusieurs formules possibles, seul, formule \u00e0 deux, massage + sauna d\u00f4me&#8230; <\/p>\n\n\n\n<figure class=\"wp-block-gallery aligncenter has-nested-images columns-2 is-cropped wp-block-gallery-1 is-layout-flex wp-block-gallery-is-layout-flex\">\n<figure class=\"wp-block-image size-large\"><img loading=\"lazy\" decoding=\"async\" width=\"1024\" height=\"576\" data-id=\"3484\" src=\"https:\/\/www.lenvol-liberte.com\/wp-content\/uploads\/2022\/01\/274087912_131129566086722_1942489868036747780_n-1024x576.jpg\" alt=\"\" class=\"wp-image-3484\" srcset=\"https:\/\/www.lenvol-liberte.com\/wp-content\/uploads\/2022\/01\/274087912_131129566086722_1942489868036747780_n-1024x576.jpg 1024w, https:\/\/www.lenvol-liberte.com\/wp-content\/uploads\/2022\/01\/274087912_131129566086722_1942489868036747780_n-300x169.jpg 300w, https:\/\/www.lenvol-liberte.com\/wp-content\/uploads\/2022\/01\/274087912_131129566086722_1942489868036747780_n-768x432.jpg 768w, https:\/\/www.lenvol-liberte.com\/wp-content\/uploads\/2022\/01\/274087912_131129566086722_1942489868036747780_n-1536x864.jpg 1536w, https:\/\/www.lenvol-liberte.com\/wp-content\/uploads\/2022\/01\/274087912_131129566086722_1942489868036747780_n-920x518.jpg 920w, https:\/\/www.lenvol-liberte.com\/wp-content\/uploads\/2022\/01\/274087912_131129566086722_1942489868036747780_n-230x129.jpg 230w, https:\/\/www.lenvol-liberte.com\/wp-content\/uploads\/2022\/01\/274087912_131129566086722_1942489868036747780_n-350x197.jpg 350w, https:\/\/www.lenvol-liberte.com\/wp-content\/uploads\/2022\/01\/274087912_131129566086722_1942489868036747780_n-480x270.jpg 480w, https:\/\/www.lenvol-liberte.com\/wp-content\/uploads\/2022\/01\/274087912_131129566086722_1942489868036747780_n.jpg 2048w\" sizes=\"auto, (max-width: 1024px) 100vw, 1024px\" \/><\/figure>\n\n\n\n<figure class=\"wp-block-image size-large\"><img loading=\"lazy\" decoding=\"async\" width=\"1117\" height=\"520\" data-id=\"3726\" src=\"https:\/\/www.lenvol-liberte.com\/wp-content\/uploads\/2022\/01\/1.png\" alt=\"\" class=\"wp-image-3726\" srcset=\"https:\/\/www.lenvol-liberte.com\/wp-content\/uploads\/2022\/01\/1.png 1117w, https:\/\/www.lenvol-liberte.com\/wp-content\/uploads\/2022\/01\/1-300x140.png 300w, https:\/\/www.lenvol-liberte.com\/wp-content\/uploads\/2022\/01\/1-1024x477.png 1024w, https:\/\/www.lenvol-liberte.com\/wp-content\/uploads\/2022\/01\/1-768x358.png 768w, https:\/\/www.lenvol-liberte.com\/wp-content\/uploads\/2022\/01\/1-920x428.png 920w, https:\/\/www.lenvol-liberte.com\/wp-content\/uploads\/2022\/01\/1-230x107.png 230w, https:\/\/www.lenvol-liberte.com\/wp-content\/uploads\/2022\/01\/1-350x163.png 350w, https:\/\/www.lenvol-liberte.com\/wp-content\/uploads\/2022\/01\/1-480x223.png 480w\" sizes=\"auto, (max-width: 1117px) 100vw, 1117px\" \/><\/figure>\n\n\n\n<figure class=\"wp-block-image size-large\"><img loading=\"lazy\" decoding=\"async\" width=\"206\" height=\"206\" data-id=\"3725\" src=\"https:\/\/www.lenvol-liberte.com\/wp-content\/uploads\/2022\/01\/SD1.png\" alt=\"\" class=\"wp-image-3725\" srcset=\"https:\/\/www.lenvol-liberte.com\/wp-content\/uploads\/2022\/01\/SD1.png 206w, https:\/\/www.lenvol-liberte.com\/wp-content\/uploads\/2022\/01\/SD1-150x150.png 150w\" sizes=\"auto, (max-width: 206px) 100vw, 206px\" \/><\/figure>\n\n\n\n<figure class=\"wp-block-image size-large\"><img loading=\"lazy\" decoding=\"async\" width=\"204\" height=\"206\" data-id=\"3724\" src=\"https:\/\/www.lenvol-liberte.com\/wp-content\/uploads\/2022\/01\/SD.png\" alt=\"\" class=\"wp-image-3724\" srcset=\"https:\/\/www.lenvol-liberte.com\/wp-content\/uploads\/2022\/01\/SD.png 204w, https:\/\/www.lenvol-liberte.com\/wp-content\/uploads\/2022\/01\/SD-150x150.png 150w\" sizes=\"auto, (max-width: 204px) 100vw, 204px\" \/><\/figure>\n\n\n\n<figure class=\"wp-block-image size-large\"><img loading=\"lazy\" decoding=\"async\" width=\"1724\" height=\"1152\" data-id=\"3723\" src=\"https:\/\/www.lenvol-liberte.com\/wp-content\/uploads\/2022\/01\/SD.jpg\" alt=\"\" class=\"wp-image-3723\" srcset=\"https:\/\/www.lenvol-liberte.com\/wp-content\/uploads\/2022\/01\/SD.jpg 1724w, https:\/\/www.lenvol-liberte.com\/wp-content\/uploads\/2022\/01\/SD-300x200.jpg 300w, https:\/\/www.lenvol-liberte.com\/wp-content\/uploads\/2022\/01\/SD-1024x684.jpg 1024w, https:\/\/www.lenvol-liberte.com\/wp-content\/uploads\/2022\/01\/SD-768x513.jpg 768w, https:\/\/www.lenvol-liberte.com\/wp-content\/uploads\/2022\/01\/SD-1536x1026.jpg 1536w, https:\/\/www.lenvol-liberte.com\/wp-content\/uploads\/2022\/01\/SD-920x615.jpg 920w, https:\/\/www.lenvol-liberte.com\/wp-content\/uploads\/2022\/01\/SD-230x154.jpg 230w, https:\/\/www.lenvol-liberte.com\/wp-content\/uploads\/2022\/01\/SD-350x234.jpg 350w, https:\/\/www.lenvol-liberte.com\/wp-content\/uploads\/2022\/01\/SD-480x321.jpg 480w\" sizes=\"auto, (max-width: 1724px) 100vw, 1724px\" \/><\/figure>\n<\/figure>\n\n\n\n<h2 class=\"wp-block-heading\">Contre-indications<\/h2>\n\n\n\n<ul class=\"wp-block-list\">\n<li style=\"font-size:16px\">Pace Maker<\/li>\n\n\n\n<li style=\"font-size:16px\">Insuffisances cardiaques<\/li>\n\n\n\n<li style=\"font-size:16px\">Grossesse<\/li>\n\n\n\n<li style=\"font-size:16px\">Cancer en cours d\u2019\u00e9volution<\/li>\n\n\n\n<li style=\"font-size:16px\">Epilepsie<\/li>\n\n\n\n<li style=\"font-size:16px\">Implants chirurgicaux<\/li>\n\n\n\n<li style=\"font-size:16px\">Maladie en p\u00e9riode de pouss\u00e9e inflammatoire<\/li>\n\n\n\n<li style=\"font-size:16px\">H\u00e9mophilie<\/li>\n\n\n\n<li style=\"font-size:16px\">Scl\u00e9rose en plaques<\/li>\n\n\n\n<li style=\"font-size:16px\">Maux de t\u00eate et migraines importantes<\/li>\n\n\n\n<li style=\"font-size:16px\">Probl\u00e8mes veineux, varices apparentes, ant\u00e9c\u00e9dents phl\u00e9bites<\/li>\n<\/ul>\n","protected":false},"excerpt":{"rendered":"<p>Le sauna japonais + la lithoth\u00e9rapie = un savoureux m\u00e9lange Le sauna infrarouge est depuis toujours connu par les japonais [&hellip;]<\/p>\n","protected":false},"author":1,"featured_media":0,"parent":0,"menu_order":0,"comment_status":"closed","ping_status":"closed","template":"","meta":{"_EventAllDay":false,"_EventTimezone":"","_EventStartDate":"","_EventEndDate":"","_EventStartDateUTC":"","_EventEndDateUTC":"","_EventShowMap":false,"_EventShowMapLink":false,"_EventURL":"","_EventCost":"","_EventCostDescription":"","_EventCurrencySymbol":"","_EventCurrencyCode":"","_EventCurrencyPosition":"","_EventDateTimeSeparator":"","_EventTimeRangeSeparator":"","_EventOrganizerID":[],"_EventVenueID":[],"_OrganizerEmail":"","_OrganizerPhone":"","_OrganizerWebsite":"","_VenueAddress":"","_VenueCity":"","_VenueCountry":"","_VenueProvince":"","_VenueState":"","_VenueZip":"","_VenuePhone":"","_VenueURL":"","_VenueStateProvince":"","_VenueLat":"","_VenueLng":"","_VenueShowMap":false,"_VenueShowMapLink":false,"footnotes":""},"class_list":["post-3216","page","type-page","status-publish","hentry"],"_links":{"self":[{"href":"https:\/\/www.lenvol-liberte.com\/index.php\/wp-json\/wp\/v2\/pages\/3216","targetHints":{"allow":["GET"]}}],"collection":[{"href":"https:\/\/www.lenvol-liberte.com\/index.php\/wp-json\/wp\/v2\/pages"}],"about":[{"href":"https:\/\/www.lenvol-liberte.com\/index.php\/wp-json\/wp\/v2\/types\/page"}],"author":[{"embeddable":true,"href":"https:\/\/www.lenvol-liberte.com\/index.php\/wp-json\/wp\/v2\/users\/1"}],"replies":[{"embeddable":true,"href":"https:\/\/www.lenvol-liberte.com\/index.php\/wp-json\/wp\/v2\/comments?post=3216"}],"version-history":[{"count":15,"href":"https:\/\/www.lenvol-liberte.com\/index.php\/wp-json\/wp\/v2\/pages\/3216\/revisions"}],"predecessor-version":[{"id":6018,"href":"https:\/\/www.lenvol-liberte.com\/index.php\/wp-json\/wp\/v2\/pages\/3216\/revisions\/6018"}],"wp:attachment":[{"href":"https:\/\/www.lenvol-liberte.com\/index.php\/wp-json\/wp\/v2\/media?parent=3216"}],"curies":[{"name":"wp","href":"https:\/\/api.w.org\/{rel}","templated":true}]}}