{"id":46,"date":"2020-08-14T10:45:00","date_gmt":"2020-08-14T08:45:00","guid":{"rendered":"https:\/\/www.lenvol-liberte.com\/?page_id=46"},"modified":"2025-12-28T13:26:44","modified_gmt":"2025-12-28T12:26:44","slug":"sejours","status":"publish","type":"page","link":"https:\/\/www.lenvol-liberte.com\/index.php\/sejours\/","title":{"rendered":"S\u00c9JOURNER"},"content":{"rendered":"\n<div class=\"wp-block-buttons is-content-justification-right is-layout-flex wp-container-core-buttons-is-layout-d445cf74 wp-block-buttons-is-layout-flex\">\n<div class=\"wp-block-button\"><a class=\"wp-block-button__link wp-element-button\" href=\"https:\/\/lenvol-liberte.holiduhost.com\/\" target=\"_blank\" rel=\"noreferrer noopener\">Voir la disponibilit\u00e9 et R\u00e9server<\/a><\/div>\n<\/div>\n\n\n\n<p>Vous avez besoin de d\u00e9tente et de ressourcement, de calme et de tranquillit\u00e9 ? Faire une pause dans votre quotidien pour repartir recharger de bonnes \u00e9nergies ? <\/p>\n\n\n\n<p>En g\u00eete (5 personnes +\/- 1 b\u00e9b\u00e9) ou en chambre d&rsquo;h\u00f4tes (2 personnes +\/- 1 b\u00e9b\u00e9), nous avons pr\u00e9vu tout le n\u00e9cessaire pour que vous puissiez arriver \u00ab\u00a0comme \u00e0 la maison\u00a0\u00bb. Tout est pr\u00eat \u00e0 votre arriv\u00e9e et nous serons l\u00e0 pour vous accueillir et vous pr\u00e9senter les lieux.<\/p>\n\n\n\n<p>Nous pouvons vous conseiller si vous le souhaitez sur les visites \u00e0 faire et les activit\u00e9s alentours qui correspondent \u00e0 vos envies. Nous faisons au mieux pour que votre s\u00e9jour soit agr\u00e9able et corresponde \u00e0 vos attentes. <\/p>\n\n\n\n<p><em>NB :  Nous accueillons les animaux \u00e9galement.<\/em><\/p>\n\n\n\n<figure class=\"wp-block-image is-resized\"><img loading=\"lazy\" decoding=\"async\" width=\"724\" height=\"1024\" src=\"https:\/\/www.lenvol-liberte.com\/wp-content\/uploads\/2022\/01\/Domaine-de-La-Gandilie-presentation-724x1024.png\" alt=\"\" class=\"wp-image-3108\" style=\"width:255px;height:auto\" srcset=\"https:\/\/www.lenvol-liberte.com\/wp-content\/uploads\/2022\/01\/Domaine-de-La-Gandilie-presentation-724x1024.png 724w, https:\/\/www.lenvol-liberte.com\/wp-content\/uploads\/2022\/01\/Domaine-de-La-Gandilie-presentation-212x300.png 212w, https:\/\/www.lenvol-liberte.com\/wp-content\/uploads\/2022\/01\/Domaine-de-La-Gandilie-presentation-768x1086.png 768w, https:\/\/www.lenvol-liberte.com\/wp-content\/uploads\/2022\/01\/Domaine-de-La-Gandilie-presentation-1086x1536.png 1086w, https:\/\/www.lenvol-liberte.com\/wp-content\/uploads\/2022\/01\/Domaine-de-La-Gandilie-presentation-920x1301.png 920w, https:\/\/www.lenvol-liberte.com\/wp-content\/uploads\/2022\/01\/Domaine-de-La-Gandilie-presentation-230x325.png 230w, https:\/\/www.lenvol-liberte.com\/wp-content\/uploads\/2022\/01\/Domaine-de-La-Gandilie-presentation-350x495.png 350w, https:\/\/www.lenvol-liberte.com\/wp-content\/uploads\/2022\/01\/Domaine-de-La-Gandilie-presentation-480x679.png 480w, https:\/\/www.lenvol-liberte.com\/wp-content\/uploads\/2022\/01\/Domaine-de-La-Gandilie-presentation.png 1414w\" sizes=\"auto, (max-width: 724px) 100vw, 724px\" \/><\/figure>\n\n\n\n<p><a rel=\"noreferrer noopener\" href=\"https:\/\/www.lenvol-liberte.com\/index.php\/le-gite\/\" target=\"_blank\">Voir le g\u00eete <\/a><\/p>\n\n\n\n<p><a href=\"https:\/\/www.lenvol-liberte.com\/index.php\/la-chambre-dhotes\/\" target=\"_blank\" rel=\"noreferrer noopener\">Voir la chambre d&rsquo;h\u00f4tes<\/a><\/p>\n\n\n\n<p><strong>A disposition des h\u00f4tes :<\/strong><\/p>\n\n\n\n<ul class=\"wp-block-list\">\n<li style=\"font-size:16px\">barbecue<\/li>\n\n\n\n<li style=\"font-size:16px\">table de ping-pong, jeux d\u2019ext\u00e9rieurs<\/li>\n\n\n\n<li style=\"font-size:16px\">salle de fitness (sur demande) : v\u00e9lo d&rsquo;appartement, tapis yoga, halt\u00e8res, ballon fitness, \u00e9lastiques, barre de danse<\/li>\n\n\n\n<li style=\"font-size:16px\">transats et chaises de repos<\/li>\n\n\n\n<li style=\"font-size:16px\">selon la saison, fruits et l\u00e9gumes, herbes aromatiques<\/li>\n\n\n\n<li style=\"font-size:16px\">s\u00e8che-cheveux, table et fer \u00e0 repasser, prises anti-moustiques, machine \u00e0 caf\u00e9 senseo et machine \u00e0 caf\u00e9 traditionnelle, micro-ondes et four \u00e9lectrique, lave-vaisselle, machine \u00e0 laver, robot m\u00e9nager, jeux, livres.<\/li>\n\n\n\n<li style=\"font-size:16px\">mat\u00e9riel pour accueillir les b\u00e9b\u00e9s et enfants en bas \u00e2ge est pr\u00e9vu : un lit parapluie, chaise haute, baignoire, chauffe-biberon, adapteur WC.<\/li>\n<\/ul>\n\n\n\n<p><em>Possibilit\u00e9 de table d&rsquo;h\u00f4te et\/ou de petit d\u00e9jeuner <a rel=\"noreferrer noopener\" href=\"https:\/\/www.lenvol-liberte.com\/index.php\/tarifs\/\" target=\"_blank\">(voir tarifs)<\/a><\/em><\/p>\n\n\n\n<p><em>NB : le petit-d\u00e9jeuner est inclus dans le prix de la chambre d&rsquo;h\u00f4tes.<\/em><\/p>\n\n\n\n<p><\/p>\n\n\n\n<h2 class=\"wp-block-heading has-text-align-center has-vivid-cyan-blue-color has-text-color has-background has-medium-font-size\" style=\"background-color:#d4fc8d\"><em>A exp\u00e9rimenter lors de votre s\u00e9jour&#8230;<\/em> <em>(en suppl\u00e9ment)<\/em><\/h2>\n\n\n\n<ul class=\"wp-block-list has-medium-font-size\">\n<li style=\"font-size:16px\"><strong>Sauna D\u00f4me<\/strong> : d\u00e9tendez-vous dans le sauna japonais (utilisant les infrarouges sans UV et la lithoth\u00e9rapie, 30 mn de pure d\u00e9tente)<\/li>\n<\/ul>\n\n\n\n<p class=\"has-text-align-center has-luminous-vivid-orange-color has-white-background-color has-text-color has-background has-medium-font-size\"><strong>Nous cr\u00e9ons pour vous des s\u00e9jours personnalis\u00e9s pour des occasions particuli\u00e8res, pour offrir ou se faire plaisir. Devis sur demande. N&rsquo;h\u00e9sitez pas \u00e0 nous contacter !<\/strong><\/p>\n\n\n\n<div class=\"wp-block-buttons is-layout-flex wp-block-buttons-is-layout-flex\">\n<div class=\"wp-block-button\"><a class=\"wp-block-button__link wp-element-button\" href=\"https:\/\/lenvol-liberte.holiduhost.com\/\" target=\"_blank\" rel=\"noreferrer noopener\">Voir la disponibilit\u00e9 et r\u00e9server<\/a><\/div>\n<\/div>\n\n\n\n<p class=\"has-text-align-center has-very-light-gray-color has-text-color\"><mark style=\"background-color:rgba(0, 0, 0, 0);color:#dedede\" class=\"has-inline-color\">&#8211;<\/mark><\/p>\n\n\n\n<figure class=\"wp-block-image size-large is-resized\"><img loading=\"lazy\" decoding=\"async\" width=\"878\" height=\"1024\" src=\"https:\/\/www.lenvol-liberte.com\/wp-content\/uploads\/2025\/12\/LOGO-GP-1-878x1024.jpg\" alt=\"\" class=\"wp-image-6298\" style=\"aspect-ratio:0.8574287313243001;width:56px;height:auto\" srcset=\"https:\/\/www.lenvol-liberte.com\/wp-content\/uploads\/2025\/12\/LOGO-GP-1-878x1024.jpg 878w, https:\/\/www.lenvol-liberte.com\/wp-content\/uploads\/2025\/12\/LOGO-GP-1-257x300.jpg 257w, https:\/\/www.lenvol-liberte.com\/wp-content\/uploads\/2025\/12\/LOGO-GP-1-768x896.jpg 768w, https:\/\/www.lenvol-liberte.com\/wp-content\/uploads\/2025\/12\/LOGO-GP-1-1317x1536.jpg 1317w, https:\/\/www.lenvol-liberte.com\/wp-content\/uploads\/2025\/12\/LOGO-GP-1-1756x2048.jpg 1756w, https:\/\/www.lenvol-liberte.com\/wp-content\/uploads\/2025\/12\/LOGO-GP-1-1000x1166.jpg 1000w, https:\/\/www.lenvol-liberte.com\/wp-content\/uploads\/2025\/12\/LOGO-GP-1-230x268.jpg 230w, https:\/\/www.lenvol-liberte.com\/wp-content\/uploads\/2025\/12\/LOGO-GP-1-350x408.jpg 350w, https:\/\/www.lenvol-liberte.com\/wp-content\/uploads\/2025\/12\/LOGO-GP-1-480x560.jpg 480w\" sizes=\"auto, (max-width: 878px) 100vw, 878px\" \/><\/figure>\n","protected":false},"excerpt":{"rendered":"<p>Vous avez besoin de d\u00e9tente et de ressourcement, de calme et de tranquillit\u00e9 ? Faire une pause dans votre quotidien [&hellip;]<\/p>\n","protected":false},"author":1,"featured_media":115,"parent":0,"menu_order":0,"comment_status":"closed","ping_status":"closed","template":"","meta":{"_EventAllDay":false,"_EventTimezone":"","_EventStartDate":"","_EventEndDate":"","_EventStartDateUTC":"","_EventEndDateUTC":"","_EventShowMap":false,"_EventShowMapLink":false,"_EventURL":"","_EventCost":"","_EventCostDescription":"","_EventCurrencySymbol":"","_EventCurrencyCode":"","_EventCurrencyPosition":"","_EventDateTimeSeparator":"","_EventTimeRangeSeparator":"","_EventOrganizerID":[],"_EventVenueID":[],"_OrganizerEmail":"","_OrganizerPhone":"","_OrganizerWebsite":"","_VenueAddress":"","_VenueCity":"","_VenueCountry":"","_VenueProvince":"","_VenueState":"","_VenueZip":"","_VenuePhone":"","_VenueURL":"","_VenueStateProvince":"","_VenueLat":"","_VenueLng":"","_VenueShowMap":false,"_VenueShowMapLink":false,"footnotes":""},"class_list":["post-46","page","type-page","status-publish","has-post-thumbnail","hentry"],"_links":{"self":[{"href":"https:\/\/www.lenvol-liberte.com\/index.php\/wp-json\/wp\/v2\/pages\/46","targetHints":{"allow":["GET"]}}],"collection":[{"href":"https:\/\/www.lenvol-liberte.com\/index.php\/wp-json\/wp\/v2\/pages"}],"about":[{"href":"https:\/\/www.lenvol-liberte.com\/index.php\/wp-json\/wp\/v2\/types\/page"}],"author":[{"embeddable":true,"href":"https:\/\/www.lenvol-liberte.com\/index.php\/wp-json\/wp\/v2\/users\/1"}],"replies":[{"embeddable":true,"href":"https:\/\/www.lenvol-liberte.com\/index.php\/wp-json\/wp\/v2\/comments?post=46"}],"version-history":[{"count":142,"href":"https:\/\/www.lenvol-liberte.com\/index.php\/wp-json\/wp\/v2\/pages\/46\/revisions"}],"predecessor-version":[{"id":6299,"href":"https:\/\/www.lenvol-liberte.com\/index.php\/wp-json\/wp\/v2\/pages\/46\/revisions\/6299"}],"wp:featuredmedia":[{"embeddable":true,"href":"https:\/\/www.lenvol-liberte.com\/index.php\/wp-json\/wp\/v2\/media\/115"}],"wp:attachment":[{"href":"https:\/\/www.lenvol-liberte.com\/index.php\/wp-json\/wp\/v2\/media?parent=46"}],"curies":[{"name":"wp","href":"https:\/\/api.w.org\/{rel}","templated":true}]}}