{"id":6174,"date":"2025-08-29T18:04:47","date_gmt":"2025-08-29T16:04:47","guid":{"rendered":"https:\/\/www.lenvol-liberte.com\/?page_id=6174"},"modified":"2025-08-29T19:38:00","modified_gmt":"2025-08-29T17:38:00","slug":"la-chambre-dhotes","status":"publish","type":"page","link":"https:\/\/www.lenvol-liberte.com\/index.php\/la-chambre-dhotes\/","title":{"rendered":"La chambre d&rsquo;h\u00f4tes"},"content":{"rendered":"\n<div class=\"wp-block-buttons is-content-justification-right is-layout-flex wp-container-core-buttons-is-layout-d445cf74 wp-block-buttons-is-layout-flex\">\n<div class=\"wp-block-button\"><a class=\"wp-block-button__link wp-element-button\" href=\"https:\/\/lenvol-liberte.holiduhost.com\/\" target=\"_blank\" rel=\"noreferrer noopener\">Voir la disponibilit\u00e9 et r\u00e9server<\/a><\/div>\n<\/div>\n\n\n\n<figure class=\"wp-block-gallery has-nested-images columns-default is-cropped wp-block-gallery-1 is-layout-flex wp-block-gallery-is-layout-flex\">\n<figure class=\"wp-block-image size-large\"><img loading=\"lazy\" decoding=\"async\" width=\"768\" height=\"1024\" data-id=\"6187\" src=\"https:\/\/www.lenvol-liberte.com\/wp-content\/uploads\/2025\/08\/WhatsApp-Image-2025-08-24-at-12.57.32-768x1024.jpeg\" alt=\"\" class=\"wp-image-6187\" srcset=\"https:\/\/www.lenvol-liberte.com\/wp-content\/uploads\/2025\/08\/WhatsApp-Image-2025-08-24-at-12.57.32-768x1024.jpeg 768w, https:\/\/www.lenvol-liberte.com\/wp-content\/uploads\/2025\/08\/WhatsApp-Image-2025-08-24-at-12.57.32-225x300.jpeg 225w, https:\/\/www.lenvol-liberte.com\/wp-content\/uploads\/2025\/08\/WhatsApp-Image-2025-08-24-at-12.57.32-1152x1536.jpeg 1152w, https:\/\/www.lenvol-liberte.com\/wp-content\/uploads\/2025\/08\/WhatsApp-Image-2025-08-24-at-12.57.32-1000x1333.jpeg 1000w, https:\/\/www.lenvol-liberte.com\/wp-content\/uploads\/2025\/08\/WhatsApp-Image-2025-08-24-at-12.57.32-230x307.jpeg 230w, https:\/\/www.lenvol-liberte.com\/wp-content\/uploads\/2025\/08\/WhatsApp-Image-2025-08-24-at-12.57.32-350x467.jpeg 350w, https:\/\/www.lenvol-liberte.com\/wp-content\/uploads\/2025\/08\/WhatsApp-Image-2025-08-24-at-12.57.32-480x640.jpeg 480w, https:\/\/www.lenvol-liberte.com\/wp-content\/uploads\/2025\/08\/WhatsApp-Image-2025-08-24-at-12.57.32.jpeg 1200w\" sizes=\"auto, (max-width: 768px) 100vw, 768px\" \/><figcaption class=\"wp-element-caption\">En version king size<\/figcaption><\/figure>\n\n\n\n<figure class=\"wp-block-image size-large\"><img loading=\"lazy\" decoding=\"async\" width=\"497\" height=\"1024\" data-id=\"6192\" src=\"https:\/\/www.lenvol-liberte.com\/wp-content\/uploads\/2025\/08\/WhatsApp-Image-2025-08-29-at-18.32.31-1-497x1024.jpeg\" alt=\"\" class=\"wp-image-6192\" srcset=\"https:\/\/www.lenvol-liberte.com\/wp-content\/uploads\/2025\/08\/WhatsApp-Image-2025-08-29-at-18.32.31-1-497x1024.jpeg 497w, https:\/\/www.lenvol-liberte.com\/wp-content\/uploads\/2025\/08\/WhatsApp-Image-2025-08-29-at-18.32.31-1-146x300.jpeg 146w, https:\/\/www.lenvol-liberte.com\/wp-content\/uploads\/2025\/08\/WhatsApp-Image-2025-08-29-at-18.32.31-1-768x1581.jpeg 768w, https:\/\/www.lenvol-liberte.com\/wp-content\/uploads\/2025\/08\/WhatsApp-Image-2025-08-29-at-18.32.31-1-746x1536.jpeg 746w, https:\/\/www.lenvol-liberte.com\/wp-content\/uploads\/2025\/08\/WhatsApp-Image-2025-08-29-at-18.32.31-1-230x474.jpeg 230w, https:\/\/www.lenvol-liberte.com\/wp-content\/uploads\/2025\/08\/WhatsApp-Image-2025-08-29-at-18.32.31-1-350x721.jpeg 350w, https:\/\/www.lenvol-liberte.com\/wp-content\/uploads\/2025\/08\/WhatsApp-Image-2025-08-29-at-18.32.31-1-480x988.jpeg 480w, https:\/\/www.lenvol-liberte.com\/wp-content\/uploads\/2025\/08\/WhatsApp-Image-2025-08-29-at-18.32.31-1.jpeg 777w\" sizes=\"auto, (max-width: 497px) 100vw, 497px\" \/><figcaption class=\"wp-element-caption\">Entr\u00e9e ind\u00e9pendante<\/figcaption><\/figure>\n\n\n\n<figure class=\"wp-block-image size-large\"><img loading=\"lazy\" decoding=\"async\" width=\"1024\" height=\"768\" data-id=\"6185\" src=\"https:\/\/www.lenvol-liberte.com\/wp-content\/uploads\/2025\/08\/WhatsApp-Image-2025-08-24-at-12.57.29-1024x768.jpeg\" alt=\"\" class=\"wp-image-6185\" srcset=\"https:\/\/www.lenvol-liberte.com\/wp-content\/uploads\/2025\/08\/WhatsApp-Image-2025-08-24-at-12.57.29-1024x768.jpeg 1024w, https:\/\/www.lenvol-liberte.com\/wp-content\/uploads\/2025\/08\/WhatsApp-Image-2025-08-24-at-12.57.29-300x225.jpeg 300w, https:\/\/www.lenvol-liberte.com\/wp-content\/uploads\/2025\/08\/WhatsApp-Image-2025-08-24-at-12.57.29-768x576.jpeg 768w, https:\/\/www.lenvol-liberte.com\/wp-content\/uploads\/2025\/08\/WhatsApp-Image-2025-08-24-at-12.57.29-1536x1152.jpeg 1536w, https:\/\/www.lenvol-liberte.com\/wp-content\/uploads\/2025\/08\/WhatsApp-Image-2025-08-24-at-12.57.29-1000x750.jpeg 1000w, https:\/\/www.lenvol-liberte.com\/wp-content\/uploads\/2025\/08\/WhatsApp-Image-2025-08-24-at-12.57.29-230x173.jpeg 230w, https:\/\/www.lenvol-liberte.com\/wp-content\/uploads\/2025\/08\/WhatsApp-Image-2025-08-24-at-12.57.29-350x263.jpeg 350w, https:\/\/www.lenvol-liberte.com\/wp-content\/uploads\/2025\/08\/WhatsApp-Image-2025-08-24-at-12.57.29-480x360.jpeg 480w, https:\/\/www.lenvol-liberte.com\/wp-content\/uploads\/2025\/08\/WhatsApp-Image-2025-08-24-at-12.57.29.jpeg 1600w\" sizes=\"auto, (max-width: 1024px) 100vw, 1024px\" \/><figcaption class=\"wp-element-caption\">En version 2 lits<\/figcaption><\/figure>\n<\/figure>\n\n\n\n<p>Une chambre pour 2 personnes avec une entr\u00e9e ind\u00e9pendante offrant tout le confort n\u00e9cessaire vous attend pour un s\u00e9jour agr\u00e9able. A votre disposition et pour votre plus grand plaisir, un espace d\u00e9di\u00e9 \u00e0 la d\u00e9tente (coin lecture, jeux) ainsi que le n\u00e9cessaire pour vous pr\u00e9parer une boisson chaude ou prendre un encas (micro-onde, r\u00e9frig\u00e9rateur, bouilloire et cafeti\u00e8re). Vous pourrez \u00e9galement profiter d&rsquo;un vaste jardin et du calme de la nature environnante.<\/p>\n\n\n\n<p>Nous serons pr\u00e9sents \u00e0 votre arriv\u00e9e (et si besoin) pour faire de votre s\u00e9jour un moment de tranquillit\u00e9 et de bien-\u00eatre. Que vous voyagiez seul ou en famille, tout est pr\u00e9vu pour rendre ce moment m\u00e9morable et doux.<\/p>\n\n\n\n<p>D\u00e9tendez-vous dans le jardin ou explorez les nombreux sites touristiques de la Dordogne et profitez des \u00e9quipements partag\u00e9s : sauna japonais, jardin, \u00e9quipements de sport.<\/p>\n\n\n\n<p>Votre bien-\u00eatre est notre priorit\u00e9.<\/p>\n\n\n\n<p><strong>D\u00e9tails des \u00e9quipements dans la chambre : <\/strong><\/p>\n\n\n\n<ul class=\"wp-block-list\">\n<li>2 lits de 90*180 propos\u00e9s en version s\u00e9par\u00e9e ou en king size en fonction de vos besoins<\/li>\n\n\n\n<li>Sanitaires (WC, douche et lavabo) privatifs<\/li>\n\n\n\n<li>Linge de maison : serviettes de toilette, linge de lits fournis<\/li>\n\n\n\n<li>Ventilateur<\/li>\n\n\n\n<li>Chauffage \u00e9lectrique<\/li>\n\n\n\n<li>Prise anti-moustique<\/li>\n<\/ul>\n\n\n\n<figure class=\"wp-block-gallery has-nested-images columns-default is-cropped wp-block-gallery-2 is-layout-flex wp-block-gallery-is-layout-flex\">\n<figure class=\"wp-block-image size-large\"><img loading=\"lazy\" decoding=\"async\" width=\"768\" height=\"1024\" data-id=\"6183\" src=\"https:\/\/www.lenvol-liberte.com\/wp-content\/uploads\/2025\/08\/WhatsApp-Image-2025-08-24-at-12.57.34-768x1024.jpeg\" alt=\"\" class=\"wp-image-6183\" srcset=\"https:\/\/www.lenvol-liberte.com\/wp-content\/uploads\/2025\/08\/WhatsApp-Image-2025-08-24-at-12.57.34-768x1024.jpeg 768w, https:\/\/www.lenvol-liberte.com\/wp-content\/uploads\/2025\/08\/WhatsApp-Image-2025-08-24-at-12.57.34-225x300.jpeg 225w, https:\/\/www.lenvol-liberte.com\/wp-content\/uploads\/2025\/08\/WhatsApp-Image-2025-08-24-at-12.57.34-1152x1536.jpeg 1152w, https:\/\/www.lenvol-liberte.com\/wp-content\/uploads\/2025\/08\/WhatsApp-Image-2025-08-24-at-12.57.34-1000x1333.jpeg 1000w, https:\/\/www.lenvol-liberte.com\/wp-content\/uploads\/2025\/08\/WhatsApp-Image-2025-08-24-at-12.57.34-230x307.jpeg 230w, https:\/\/www.lenvol-liberte.com\/wp-content\/uploads\/2025\/08\/WhatsApp-Image-2025-08-24-at-12.57.34-350x467.jpeg 350w, https:\/\/www.lenvol-liberte.com\/wp-content\/uploads\/2025\/08\/WhatsApp-Image-2025-08-24-at-12.57.34-480x640.jpeg 480w, https:\/\/www.lenvol-liberte.com\/wp-content\/uploads\/2025\/08\/WhatsApp-Image-2025-08-24-at-12.57.34.jpeg 1200w\" sizes=\"auto, (max-width: 768px) 100vw, 768px\" \/><\/figure>\n\n\n\n<figure class=\"wp-block-image size-large\"><img loading=\"lazy\" decoding=\"async\" width=\"768\" height=\"1024\" data-id=\"6182\" src=\"https:\/\/www.lenvol-liberte.com\/wp-content\/uploads\/2025\/08\/WhatsApp-Image-2025-08-24-at-12.57.33-1-768x1024.jpeg\" alt=\"\" class=\"wp-image-6182\" srcset=\"https:\/\/www.lenvol-liberte.com\/wp-content\/uploads\/2025\/08\/WhatsApp-Image-2025-08-24-at-12.57.33-1-768x1024.jpeg 768w, https:\/\/www.lenvol-liberte.com\/wp-content\/uploads\/2025\/08\/WhatsApp-Image-2025-08-24-at-12.57.33-1-225x300.jpeg 225w, https:\/\/www.lenvol-liberte.com\/wp-content\/uploads\/2025\/08\/WhatsApp-Image-2025-08-24-at-12.57.33-1-1152x1536.jpeg 1152w, https:\/\/www.lenvol-liberte.com\/wp-content\/uploads\/2025\/08\/WhatsApp-Image-2025-08-24-at-12.57.33-1-1000x1333.jpeg 1000w, https:\/\/www.lenvol-liberte.com\/wp-content\/uploads\/2025\/08\/WhatsApp-Image-2025-08-24-at-12.57.33-1-230x307.jpeg 230w, https:\/\/www.lenvol-liberte.com\/wp-content\/uploads\/2025\/08\/WhatsApp-Image-2025-08-24-at-12.57.33-1-350x467.jpeg 350w, https:\/\/www.lenvol-liberte.com\/wp-content\/uploads\/2025\/08\/WhatsApp-Image-2025-08-24-at-12.57.33-1-480x640.jpeg 480w, https:\/\/www.lenvol-liberte.com\/wp-content\/uploads\/2025\/08\/WhatsApp-Image-2025-08-24-at-12.57.33-1.jpeg 1200w\" sizes=\"auto, (max-width: 768px) 100vw, 768px\" \/><\/figure>\n\n\n\n<figure class=\"wp-block-image size-large\"><img loading=\"lazy\" decoding=\"async\" width=\"768\" height=\"1024\" data-id=\"6187\" src=\"https:\/\/www.lenvol-liberte.com\/wp-content\/uploads\/2025\/08\/WhatsApp-Image-2025-08-24-at-12.57.32-768x1024.jpeg\" alt=\"\" class=\"wp-image-6187\" srcset=\"https:\/\/www.lenvol-liberte.com\/wp-content\/uploads\/2025\/08\/WhatsApp-Image-2025-08-24-at-12.57.32-768x1024.jpeg 768w, https:\/\/www.lenvol-liberte.com\/wp-content\/uploads\/2025\/08\/WhatsApp-Image-2025-08-24-at-12.57.32-225x300.jpeg 225w, https:\/\/www.lenvol-liberte.com\/wp-content\/uploads\/2025\/08\/WhatsApp-Image-2025-08-24-at-12.57.32-1152x1536.jpeg 1152w, https:\/\/www.lenvol-liberte.com\/wp-content\/uploads\/2025\/08\/WhatsApp-Image-2025-08-24-at-12.57.32-1000x1333.jpeg 1000w, https:\/\/www.lenvol-liberte.com\/wp-content\/uploads\/2025\/08\/WhatsApp-Image-2025-08-24-at-12.57.32-230x307.jpeg 230w, https:\/\/www.lenvol-liberte.com\/wp-content\/uploads\/2025\/08\/WhatsApp-Image-2025-08-24-at-12.57.32-350x467.jpeg 350w, https:\/\/www.lenvol-liberte.com\/wp-content\/uploads\/2025\/08\/WhatsApp-Image-2025-08-24-at-12.57.32-480x640.jpeg 480w, https:\/\/www.lenvol-liberte.com\/wp-content\/uploads\/2025\/08\/WhatsApp-Image-2025-08-24-at-12.57.32.jpeg 1200w\" sizes=\"auto, (max-width: 768px) 100vw, 768px\" \/><\/figure>\n\n\n\n<figure class=\"wp-block-image size-large\"><img loading=\"lazy\" decoding=\"async\" width=\"768\" height=\"1024\" data-id=\"6186\" src=\"https:\/\/www.lenvol-liberte.com\/wp-content\/uploads\/2025\/08\/WhatsApp-Image-2025-08-24-at-12.57.27-768x1024.jpeg\" alt=\"\" class=\"wp-image-6186\" srcset=\"https:\/\/www.lenvol-liberte.com\/wp-content\/uploads\/2025\/08\/WhatsApp-Image-2025-08-24-at-12.57.27-768x1024.jpeg 768w, https:\/\/www.lenvol-liberte.com\/wp-content\/uploads\/2025\/08\/WhatsApp-Image-2025-08-24-at-12.57.27-225x300.jpeg 225w, https:\/\/www.lenvol-liberte.com\/wp-content\/uploads\/2025\/08\/WhatsApp-Image-2025-08-24-at-12.57.27-1152x1536.jpeg 1152w, https:\/\/www.lenvol-liberte.com\/wp-content\/uploads\/2025\/08\/WhatsApp-Image-2025-08-24-at-12.57.27-1000x1333.jpeg 1000w, https:\/\/www.lenvol-liberte.com\/wp-content\/uploads\/2025\/08\/WhatsApp-Image-2025-08-24-at-12.57.27-230x307.jpeg 230w, https:\/\/www.lenvol-liberte.com\/wp-content\/uploads\/2025\/08\/WhatsApp-Image-2025-08-24-at-12.57.27-350x467.jpeg 350w, https:\/\/www.lenvol-liberte.com\/wp-content\/uploads\/2025\/08\/WhatsApp-Image-2025-08-24-at-12.57.27-480x640.jpeg 480w, https:\/\/www.lenvol-liberte.com\/wp-content\/uploads\/2025\/08\/WhatsApp-Image-2025-08-24-at-12.57.27.jpeg 1200w\" sizes=\"auto, (max-width: 768px) 100vw, 768px\" \/><\/figure>\n\n\n\n<figure class=\"wp-block-image size-large\"><img loading=\"lazy\" decoding=\"async\" width=\"768\" height=\"1024\" data-id=\"6181\" src=\"https:\/\/www.lenvol-liberte.com\/wp-content\/uploads\/2025\/08\/WhatsApp-Image-2025-08-24-at-12.57.27-1-768x1024.jpeg\" alt=\"\" class=\"wp-image-6181\" srcset=\"https:\/\/www.lenvol-liberte.com\/wp-content\/uploads\/2025\/08\/WhatsApp-Image-2025-08-24-at-12.57.27-1-768x1024.jpeg 768w, https:\/\/www.lenvol-liberte.com\/wp-content\/uploads\/2025\/08\/WhatsApp-Image-2025-08-24-at-12.57.27-1-225x300.jpeg 225w, https:\/\/www.lenvol-liberte.com\/wp-content\/uploads\/2025\/08\/WhatsApp-Image-2025-08-24-at-12.57.27-1-1152x1536.jpeg 1152w, https:\/\/www.lenvol-liberte.com\/wp-content\/uploads\/2025\/08\/WhatsApp-Image-2025-08-24-at-12.57.27-1-1000x1333.jpeg 1000w, https:\/\/www.lenvol-liberte.com\/wp-content\/uploads\/2025\/08\/WhatsApp-Image-2025-08-24-at-12.57.27-1-230x307.jpeg 230w, https:\/\/www.lenvol-liberte.com\/wp-content\/uploads\/2025\/08\/WhatsApp-Image-2025-08-24-at-12.57.27-1-350x467.jpeg 350w, https:\/\/www.lenvol-liberte.com\/wp-content\/uploads\/2025\/08\/WhatsApp-Image-2025-08-24-at-12.57.27-1-480x640.jpeg 480w, https:\/\/www.lenvol-liberte.com\/wp-content\/uploads\/2025\/08\/WhatsApp-Image-2025-08-24-at-12.57.27-1.jpeg 1200w\" sizes=\"auto, (max-width: 768px) 100vw, 768px\" \/><\/figure>\n\n\n\n<figure class=\"wp-block-image size-large\"><img loading=\"lazy\" decoding=\"async\" width=\"768\" height=\"1024\" data-id=\"6188\" src=\"https:\/\/www.lenvol-liberte.com\/wp-content\/uploads\/2025\/08\/WhatsApp-Image-2025-08-24-at-12.57.32-1-768x1024.jpeg\" alt=\"\" class=\"wp-image-6188\" srcset=\"https:\/\/www.lenvol-liberte.com\/wp-content\/uploads\/2025\/08\/WhatsApp-Image-2025-08-24-at-12.57.32-1-768x1024.jpeg 768w, https:\/\/www.lenvol-liberte.com\/wp-content\/uploads\/2025\/08\/WhatsApp-Image-2025-08-24-at-12.57.32-1-225x300.jpeg 225w, https:\/\/www.lenvol-liberte.com\/wp-content\/uploads\/2025\/08\/WhatsApp-Image-2025-08-24-at-12.57.32-1-1152x1536.jpeg 1152w, https:\/\/www.lenvol-liberte.com\/wp-content\/uploads\/2025\/08\/WhatsApp-Image-2025-08-24-at-12.57.32-1-1000x1333.jpeg 1000w, https:\/\/www.lenvol-liberte.com\/wp-content\/uploads\/2025\/08\/WhatsApp-Image-2025-08-24-at-12.57.32-1-230x307.jpeg 230w, https:\/\/www.lenvol-liberte.com\/wp-content\/uploads\/2025\/08\/WhatsApp-Image-2025-08-24-at-12.57.32-1-350x467.jpeg 350w, https:\/\/www.lenvol-liberte.com\/wp-content\/uploads\/2025\/08\/WhatsApp-Image-2025-08-24-at-12.57.32-1-480x640.jpeg 480w, https:\/\/www.lenvol-liberte.com\/wp-content\/uploads\/2025\/08\/WhatsApp-Image-2025-08-24-at-12.57.32-1.jpeg 1200w\" sizes=\"auto, (max-width: 768px) 100vw, 768px\" \/><\/figure>\n\n\n\n<figure class=\"wp-block-image size-large\"><img loading=\"lazy\" decoding=\"async\" width=\"768\" height=\"1024\" data-id=\"6193\" src=\"https:\/\/www.lenvol-liberte.com\/wp-content\/uploads\/2025\/08\/WhatsApp-Image-2025-08-24-at-13.00.34-768x1024.jpeg\" alt=\"\" class=\"wp-image-6193\" srcset=\"https:\/\/www.lenvol-liberte.com\/wp-content\/uploads\/2025\/08\/WhatsApp-Image-2025-08-24-at-13.00.34-768x1024.jpeg 768w, https:\/\/www.lenvol-liberte.com\/wp-content\/uploads\/2025\/08\/WhatsApp-Image-2025-08-24-at-13.00.34-225x300.jpeg 225w, https:\/\/www.lenvol-liberte.com\/wp-content\/uploads\/2025\/08\/WhatsApp-Image-2025-08-24-at-13.00.34-1152x1536.jpeg 1152w, https:\/\/www.lenvol-liberte.com\/wp-content\/uploads\/2025\/08\/WhatsApp-Image-2025-08-24-at-13.00.34-1000x1333.jpeg 1000w, https:\/\/www.lenvol-liberte.com\/wp-content\/uploads\/2025\/08\/WhatsApp-Image-2025-08-24-at-13.00.34-230x307.jpeg 230w, https:\/\/www.lenvol-liberte.com\/wp-content\/uploads\/2025\/08\/WhatsApp-Image-2025-08-24-at-13.00.34-350x467.jpeg 350w, https:\/\/www.lenvol-liberte.com\/wp-content\/uploads\/2025\/08\/WhatsApp-Image-2025-08-24-at-13.00.34-480x640.jpeg 480w, https:\/\/www.lenvol-liberte.com\/wp-content\/uploads\/2025\/08\/WhatsApp-Image-2025-08-24-at-13.00.34.jpeg 1200w\" sizes=\"auto, (max-width: 768px) 100vw, 768px\" \/><\/figure>\n<\/figure>\n\n\n\n<div class=\"wp-block-buttons is-layout-flex wp-block-buttons-is-layout-flex\">\n<div class=\"wp-block-button\"><a class=\"wp-block-button__link wp-element-button\" href=\"https:\/\/lenvol-liberte.holiduhost.com\/\" target=\"_blank\" rel=\"noreferrer noopener\">Voir la disponibilit\u00e9 et r\u00e9server<\/a><\/div>\n<\/div>\n\n\n\n<p><\/p>\n","protected":false},"excerpt":{"rendered":"<p>Une chambre pour 2 personnes avec une entr\u00e9e ind\u00e9pendante offrant tout le confort n\u00e9cessaire vous attend pour un s\u00e9jour agr\u00e9able. [&hellip;]<\/p>\n","protected":false},"author":1,"featured_media":6190,"parent":0,"menu_order":0,"comment_status":"closed","ping_status":"closed","template":"","meta":{"_EventAllDay":false,"_EventTimezone":"","_EventStartDate":"","_EventEndDate":"","_EventStartDateUTC":"","_EventEndDateUTC":"","_EventShowMap":false,"_EventShowMapLink":false,"_EventURL":"","_EventCost":"","_EventCostDescription":"","_EventCurrencySymbol":"","_EventCurrencyCode":"","_EventCurrencyPosition":"","_EventDateTimeSeparator":"","_EventTimeRangeSeparator":"","_EventOrganizerID":[],"_EventVenueID":[],"_OrganizerEmail":"","_OrganizerPhone":"","_OrganizerWebsite":"","_VenueAddress":"","_VenueCity":"","_VenueCountry":"","_VenueProvince":"","_VenueState":"","_VenueZip":"","_VenuePhone":"","_VenueURL":"","_VenueStateProvince":"","_VenueLat":"","_VenueLng":"","_VenueShowMap":false,"_VenueShowMapLink":false,"footnotes":""},"class_list":["post-6174","page","type-page","status-publish","has-post-thumbnail","hentry"],"_links":{"self":[{"href":"https:\/\/www.lenvol-liberte.com\/index.php\/wp-json\/wp\/v2\/pages\/6174","targetHints":{"allow":["GET"]}}],"collection":[{"href":"https:\/\/www.lenvol-liberte.com\/index.php\/wp-json\/wp\/v2\/pages"}],"about":[{"href":"https:\/\/www.lenvol-liberte.com\/index.php\/wp-json\/wp\/v2\/types\/page"}],"author":[{"embeddable":true,"href":"https:\/\/www.lenvol-liberte.com\/index.php\/wp-json\/wp\/v2\/users\/1"}],"replies":[{"embeddable":true,"href":"https:\/\/www.lenvol-liberte.com\/index.php\/wp-json\/wp\/v2\/comments?post=6174"}],"version-history":[{"count":9,"href":"https:\/\/www.lenvol-liberte.com\/index.php\/wp-json\/wp\/v2\/pages\/6174\/revisions"}],"predecessor-version":[{"id":6247,"href":"https:\/\/www.lenvol-liberte.com\/index.php\/wp-json\/wp\/v2\/pages\/6174\/revisions\/6247"}],"wp:featuredmedia":[{"embeddable":true,"href":"https:\/\/www.lenvol-liberte.com\/index.php\/wp-json\/wp\/v2\/media\/6190"}],"wp:attachment":[{"href":"https:\/\/www.lenvol-liberte.com\/index.php\/wp-json\/wp\/v2\/media?parent=6174"}],"curies":[{"name":"wp","href":"https:\/\/api.w.org\/{rel}","templated":true}]}}