{"id":6309,"date":"2026-03-06T14:26:26","date_gmt":"2026-03-06T13:26:26","guid":{"rendered":"https:\/\/www.lenvol-liberte.com\/?page_id=6309"},"modified":"2026-03-22T22:02:38","modified_gmt":"2026-03-22T21:02:38","slug":"association-lenvol-liberte","status":"publish","type":"page","link":"https:\/\/www.lenvol-liberte.com\/index.php\/association-lenvol-liberte\/","title":{"rendered":"ASSOCIATION L&rsquo;ENVOL LIBERTE"},"content":{"rendered":"\n<p>L&rsquo;association \u00ab\u00a0L&rsquo;Envol Libert\u00e9\u00a0\u00bb est n\u00e9e en mars 2026, dans l&rsquo;espoir de rassembler des humains qui ont envie de partager des bons moments de convivialit\u00e9, tout simplement.<\/p>\n\n\n\n<p>Cette association, loi 1901 a pour vocation de proposer des activit\u00e9s autour des sujets comme l&rsquo;autonomie, la souverainet\u00e9, la responsabilit\u00e9, l&rsquo;interrelation entre les \u00eatres, le partage, l&rsquo;entraide, la sant\u00e9&#8230;<\/p>\n\n\n\n<div class=\"wp-block-file\"><a id=\"wp-block-file--media-635084f4-afff-47fb-9d79-c1ff37615c01\" href=\"https:\/\/www.lenvol-liberte.com\/wp-content\/uploads\/2026\/03\/STATUTS-ASSO-LENVOL-LIBERTE.pdf\">STATUTS ASSO L&rsquo;ENVOL LIBERTE<\/a><a href=\"https:\/\/www.lenvol-liberte.com\/wp-content\/uploads\/2026\/03\/STATUTS-ASSO-LENVOL-LIBERTE.pdf\" class=\"wp-block-file__button wp-element-button\" download aria-describedby=\"wp-block-file--media-635084f4-afff-47fb-9d79-c1ff37615c01\">T\u00e9l\u00e9charger<\/a><\/div>\n\n\n\n<hr class=\"wp-block-separator has-alpha-channel-opacity\"\/>\n\n\n\n<p class=\"has-medium-font-size\"><strong>Si chacun fait sa part alors ensemble on y arrive&#8230;<\/strong><\/p>\n\n\n\n<p>L&rsquo;Envol est une oasis ressource empreinte des valeurs des colibris.<\/p>\n\n\n\n<figure class=\"wp-block-embed is-type-video is-provider-youtube wp-block-embed-youtube wp-embed-aspect-16-9 wp-has-aspect-ratio\"><div class=\"wp-block-embed__wrapper\">\n<iframe loading=\"lazy\" title=\"La l\u00e9gende du colibri, par Pierre Rabhi\" width=\"1170\" height=\"658\" src=\"https:\/\/www.youtube.com\/embed\/nQ9fCekVr8o?feature=oembed\" frameborder=\"0\" allow=\"accelerometer; autoplay; clipboard-write; encrypted-media; gyroscope; picture-in-picture; web-share\" referrerpolicy=\"strict-origin-when-cross-origin\" allowfullscreen><\/iframe>\n<\/div><\/figure>\n\n\n\n<p>En savoir plus sur le mouvement Colibris : <a href=\"https:\/\/www.colibris-lemouvement.org\/lassociation\/notre-vision-lethique-colibri\">https:\/\/www.colibris-lemouvement.org\/lassociation\/notre-vision-lethique-colibri<\/a><\/p>\n\n\n\n<p><\/p>\n","protected":false},"excerpt":{"rendered":"<p>L&rsquo;association \u00ab\u00a0L&rsquo;Envol Libert\u00e9\u00a0\u00bb est n\u00e9e en mars 2026, dans l&rsquo;espoir de rassembler des humains qui ont envie de partager des [&hellip;]<\/p>\n","protected":false},"author":1,"featured_media":0,"parent":0,"menu_order":0,"comment_status":"closed","ping_status":"closed","template":"","meta":{"_EventAllDay":false,"_EventTimezone":"","_EventStartDate":"","_EventEndDate":"","_EventStartDateUTC":"","_EventEndDateUTC":"","_EventShowMap":false,"_EventShowMapLink":false,"_EventURL":"","_EventCost":"","_EventCostDescription":"","_EventCurrencySymbol":"","_EventCurrencyCode":"","_EventCurrencyPosition":"","_EventDateTimeSeparator":"","_EventTimeRangeSeparator":"","_EventOrganizerID":[],"_EventVenueID":[],"_OrganizerEmail":"","_OrganizerPhone":"","_OrganizerWebsite":"","_VenueAddress":"","_VenueCity":"","_VenueCountry":"","_VenueProvince":"","_VenueState":"","_VenueZip":"","_VenuePhone":"","_VenueURL":"","_VenueStateProvince":"","_VenueLat":"","_VenueLng":"","_VenueShowMap":false,"_VenueShowMapLink":false,"footnotes":""},"class_list":["post-6309","page","type-page","status-publish","hentry"],"_links":{"self":[{"href":"https:\/\/www.lenvol-liberte.com\/index.php\/wp-json\/wp\/v2\/pages\/6309","targetHints":{"allow":["GET"]}}],"collection":[{"href":"https:\/\/www.lenvol-liberte.com\/index.php\/wp-json\/wp\/v2\/pages"}],"about":[{"href":"https:\/\/www.lenvol-liberte.com\/index.php\/wp-json\/wp\/v2\/types\/page"}],"author":[{"embeddable":true,"href":"https:\/\/www.lenvol-liberte.com\/index.php\/wp-json\/wp\/v2\/users\/1"}],"replies":[{"embeddable":true,"href":"https:\/\/www.lenvol-liberte.com\/index.php\/wp-json\/wp\/v2\/comments?post=6309"}],"version-history":[{"count":11,"href":"https:\/\/www.lenvol-liberte.com\/index.php\/wp-json\/wp\/v2\/pages\/6309\/revisions"}],"predecessor-version":[{"id":6337,"href":"https:\/\/www.lenvol-liberte.com\/index.php\/wp-json\/wp\/v2\/pages\/6309\/revisions\/6337"}],"wp:attachment":[{"href":"https:\/\/www.lenvol-liberte.com\/index.php\/wp-json\/wp\/v2\/media?parent=6309"}],"curies":[{"name":"wp","href":"https:\/\/api.w.org\/{rel}","templated":true}]}}